{"id":941,"date":"2025-04-02T09:44:18","date_gmt":"2025-04-02T09:44:18","guid":{"rendered":"https:\/\/shb4581a.mmiweb.iut-tlse3.fr\/?page_id=941"},"modified":"2025-04-02T15:26:43","modified_gmt":"2025-04-02T15:26:43","slug":"reserver","status":"publish","type":"page","link":"https:\/\/shb4581a.mmiweb.iut-tlse3.fr\/?page_id=941","title":{"rendered":"R\u00e9server"},"content":{"rendered":"\t\t<div data-elementor-type=\"wp-page\" data-elementor-id=\"941\" class=\"elementor elementor-941\" data-elementor-post-type=\"page\">\n\t\t\t\t<div class=\"elementor-element elementor-element-300a57d0 e-flex e-con-boxed wpr-particle-no wpr-jarallax-no wpr-parallax-no wpr-sticky-section-no e-con e-parent\" data-id=\"300a57d0\" data-element_type=\"container\" data-settings=\"{&quot;background_background&quot;:&quot;classic&quot;}\">\n\t\t\t\t\t<div class=\"e-con-inner\">\n\t\t\t\t<div class=\"elementor-element elementor-element-61f5ce33 elementor-widget elementor-widget-heading\" data-id=\"61f5ce33\" data-element_type=\"widget\" data-widget_type=\"heading.default\">\n\t\t\t\t<div class=\"elementor-widget-container\">\n\t\t\t\t\t<h1 class=\"elementor-heading-title elementor-size-default\">Je r\u00e9serve<\/h1>\t\t\t\t<\/div>\n\t\t\t\t<\/div>\n\t\t<div class=\"elementor-element elementor-element-3f81119e e-con-full e-flex wpr-particle-no wpr-jarallax-no wpr-parallax-no wpr-sticky-section-no e-con e-child\" data-id=\"3f81119e\" data-element_type=\"container\" data-settings=\"{&quot;background_background&quot;:&quot;classic&quot;}\">\n\t\t\t\t<div class=\"elementor-element elementor-element-c8c49a0 elementor-icon-list--layout-inline elementor-list-item-link-full_width elementor-widget elementor-widget-icon-list\" data-id=\"c8c49a0\" data-element_type=\"widget\" data-widget_type=\"icon-list.default\">\n\t\t\t\t<div class=\"elementor-widget-container\">\n\t\t\t\t\t\t\t<ul class=\"elementor-icon-list-items elementor-inline-items\">\n\t\t\t\t\t\t\t<li class=\"elementor-icon-list-item elementor-inline-item\">\n\t\t\t\t\t\t\t\t\t\t\t<a href=\"https:\/\/shb4581a.mmiweb.iut-tlse3.fr\">\n\n\t\t\t\t\t\t\t\t\t\t\t\t<span class=\"elementor-icon-list-icon\">\n\t\t\t\t\t\t\t<i aria-hidden=\"true\" class=\"icon icon-home\"><\/i>\t\t\t\t\t\t<\/span>\n\t\t\t\t\t\t\t\t\t\t<span class=\"elementor-icon-list-text\">Accueil<\/span>\n\t\t\t\t\t\t\t\t\t\t\t<\/a>\n\t\t\t\t\t\t\t\t\t<\/li>\n\t\t\t\t\t\t<\/ul>\n\t\t\t\t\t\t<\/div>\n\t\t\t\t<\/div>\n\t\t\t\t<div class=\"elementor-element elementor-element-45f8d111 elementor-icon-list--layout-inline elementor-list-item-link-full_width elementor-widget elementor-widget-icon-list\" data-id=\"45f8d111\" data-element_type=\"widget\" data-widget_type=\"icon-list.default\">\n\t\t\t\t<div class=\"elementor-widget-container\">\n\t\t\t\t\t\t\t<ul class=\"elementor-icon-list-items elementor-inline-items\">\n\t\t\t\t\t\t\t<li class=\"elementor-icon-list-item elementor-inline-item\">\n\t\t\t\t\t\t\t\t\t\t\t<span class=\"elementor-icon-list-icon\">\n\t\t\t\t\t\t\t<svg aria-hidden=\"true\" class=\"e-font-icon-svg e-fas-angle-right\" viewBox=\"0 0 256 512\" xmlns=\"http:\/\/www.w3.org\/2000\/svg\"><path d=\"M224.3 273l-136 136c-9.4 9.4-24.6 9.4-33.9 0l-22.6-22.6c-9.4-9.4-9.4-24.6 0-33.9l96.4-96.4-96.4-96.4c-9.4-9.4-9.4-24.6 0-33.9L54.3 103c9.4-9.4 24.6-9.4 33.9 0l136 136c9.5 9.4 9.5 24.6.1 34z\"><\/path><\/svg>\t\t\t\t\t\t<\/span>\n\t\t\t\t\t\t\t\t\t\t<span class=\"elementor-icon-list-text\">R\u00e9server<\/span>\n\t\t\t\t\t\t\t\t\t<\/li>\n\t\t\t\t\t\t<\/ul>\n\t\t\t\t\t\t<\/div>\n\t\t\t\t<\/div>\n\t\t\t\t<\/div>\n\t\t\t\t\t<\/div>\n\t\t\t\t<\/div>\n\t\t<div class=\"elementor-element elementor-element-2260c1f e-flex e-con-boxed wpr-particle-no wpr-jarallax-no wpr-parallax-no wpr-sticky-section-no e-con e-parent\" data-id=\"2260c1f\" data-element_type=\"container\" data-settings=\"{&quot;background_background&quot;:&quot;classic&quot;}\">\n\t\t\t\t\t<div class=\"e-con-inner\">\n\t\t<div class=\"elementor-element elementor-element-5ed2a98 e-con-full e-flex wpr-particle-no wpr-jarallax-no wpr-parallax-no wpr-sticky-section-no e-con e-child\" data-id=\"5ed2a98\" data-element_type=\"container\">\n\t\t\t\t<div class=\"elementor-element elementor-element-9ffb0a0 elementor-widget elementor-widget-image\" data-id=\"9ffb0a0\" data-element_type=\"widget\" data-widget_type=\"image.default\">\n\t\t\t\t<div class=\"elementor-widget-container\">\n\t\t\t\t\t\t\t\t\t\t\t\t\t\t\t<img alt=\"\" fetchpriority=\"high\" decoding=\"async\" width=\"800\" height=\"534\" src=\"https:\/\/shb4581a.mmiweb.iut-tlse3.fr\/wp-content\/uploads\/2025\/04\/high-angle-man-driving-1024x683.jpg\" class=\"attachment-large size-large wp-image-1077\" alt=\"\" srcset=\"https:\/\/shb4581a.mmiweb.iut-tlse3.fr\/wp-content\/uploads\/2025\/04\/high-angle-man-driving-1024x683.jpg 1024w, https:\/\/shb4581a.mmiweb.iut-tlse3.fr\/wp-content\/uploads\/2025\/04\/high-angle-man-driving-300x200.jpg 300w, https:\/\/shb4581a.mmiweb.iut-tlse3.fr\/wp-content\/uploads\/2025\/04\/high-angle-man-driving-768x513.jpg 768w, https:\/\/shb4581a.mmiweb.iut-tlse3.fr\/wp-content\/uploads\/2025\/04\/high-angle-man-driving-1536x1025.jpg 1536w, https:\/\/shb4581a.mmiweb.iut-tlse3.fr\/wp-content\/uploads\/2025\/04\/high-angle-man-driving-2048x1367.jpg 2048w\" sizes=\"(max-width: 800px) 100vw, 800px\" \/>\t\t\t\t\t\t\t\t\t\t\t\t\t\t\t<\/div>\n\t\t\t\t<\/div>\n\t\t\t\t<\/div>\n\t\t<div class=\"elementor-element elementor-element-1d65d39 e-con-full e-flex wpr-particle-no wpr-jarallax-no wpr-parallax-no wpr-sticky-section-no e-con e-child\" data-id=\"1d65d39\" data-element_type=\"container\">\n\t\t\t\t<div class=\"elementor-element elementor-element-d3b900b elementor-widget elementor-widget-heading\" data-id=\"d3b900b\" data-element_type=\"widget\" data-widget_type=\"heading.default\">\n\t\t\t\t<div class=\"elementor-widget-container\">\n\t\t\t\t\t<h2 class=\"elementor-heading-title elementor-size-default\">R\u00e9servez votre trajet en quelques clics<\/h2>\t\t\t\t<\/div>\n\t\t\t\t<\/div>\n\t\t\t\t<div class=\"elementor-element elementor-element-e7030b6 elementor-widget elementor-widget-text-editor\" data-id=\"e7030b6\" data-element_type=\"widget\" data-widget_type=\"text-editor.default\">\n\t\t\t\t<div class=\"elementor-widget-container\">\n\t\t\t\t\t\t\t\t\t<p class=\"\" data-start=\"165\" data-end=\"246\">Avec Prestigo, r\u00e9servez un <strong data-start=\"192\" data-end=\"225\">chauffeur priv\u00e9 haut de gamme<\/strong> en toute simplicit\u00e9.<\/p><p class=\"\" data-start=\"248\" data-end=\"516\">Choisissez votre <strong data-start=\"265\" data-end=\"276\">formule<\/strong> (Essentielle, Confort ou Premium), indiquez votre <strong data-start=\"327\" data-end=\"346\">point de d\u00e9part<\/strong>, votre <strong data-start=\"354\" data-end=\"369\">destination<\/strong>, l\u2019<strong data-start=\"373\" data-end=\"392\">heure souhait\u00e9e<\/strong>\u2026 et c\u2019est tout.<\/p><p class=\"\" data-start=\"248\" data-end=\"516\"><br data-start=\"408\" data-end=\"411\" \/>Vous avez \u00e9galement la possibilit\u00e9 de <strong data-start=\"449\" data-end=\"493\">s\u00e9lectionner le chauffeur de votre choix<\/strong> selon vos pr\u00e9f\u00e9rences.<\/p>\t\t\t\t\t\t\t\t<\/div>\n\t\t\t\t<\/div>\n\t\t\t\t<\/div>\n\t\t\t\t\t<\/div>\n\t\t\t\t<\/div>\n\t\t<div class=\"elementor-element elementor-element-76551ed e-flex e-con-boxed wpr-particle-no wpr-jarallax-no wpr-parallax-no wpr-sticky-section-no e-con e-parent\" data-id=\"76551ed\" data-element_type=\"container\" data-settings=\"{&quot;background_background&quot;:&quot;classic&quot;}\">\n\t\t\t\t\t<div class=\"e-con-inner\">\n\t\t\t\t<div class=\"elementor-element elementor-element-cb0d6d8 elementor-widget elementor-widget-catalogbooking\" data-id=\"cb0d6d8\" data-element_type=\"widget\" data-widget_type=\"catalogbooking.default\">\n\t\t\t\t<div class=\"elementor-widget-container\">\n\t\t\t\t\t\n<script>\n  if (typeof hasAmeliaEntitiesApiCall === 'undefined' && '' === '') {\n    var hasAmeliaEntitiesApiCall = true;\n  }\n  var ameliaShortcodeData = (typeof ameliaShortcodeData === 'undefined') ? [] : ameliaShortcodeData;\n  ameliaShortcodeData.push(\n    {\n      'hasApiCall': (typeof hasAmeliaEntitiesApiCall !== 'undefined') && hasAmeliaEntitiesApiCall,\n      'trigger': '',\n      'trigger_type': '',\n      'triggered_form': 'cbf',\n      'in_dialog': '',\n      'show': '',\n      'counter': '1000',\n      'package': '',\n      'category': '',\n      'service': '',\n      'employee': '',\n      'location': '',\n      'categories_hidden': ''\n    }\n  );\n  var ameliaShortcodeDataTriggered = (typeof ameliaShortcodeDataTriggered === 'undefined') ? [] : ameliaShortcodeDataTriggered;\n  if (ameliaShortcodeData[ameliaShortcodeData.length - 1].trigger !== '') {\n    if (ameliaShortcodeDataTriggered.filter(a => a.counter === ameliaShortcodeData[ameliaShortcodeData.length - 1].counter).length === 0) {\n      ameliaShortcodeDataTriggered.push(ameliaShortcodeData.pop());\n    } else {\n      ameliaShortcodeData.pop()\n    }\n  }\n  if (typeof hasAmeliaEntitiesApiCall !== 'undefined' && hasAmeliaEntitiesApiCall) {\n    hasAmeliaEntitiesApiCall = false;\n  }\n<\/script>\n\n<div\n  id=\"amelia-v2-booking-1000\"\n  class=\"amelia-v2-booking\"\n>\n    <catalog-form-wrapper><\/catalog-form-wrapper><\/div>\n\t\t\t\t<\/div>\n\t\t\t\t<\/div>\n\t\t\t\t\t<\/div>\n\t\t\t\t<\/div>\n\t\t\t\t<\/div>\n\t\t","protected":false},"excerpt":{"rendered":"<p>Je r\u00e9serve Accueil R\u00e9server R\u00e9servez votre trajet en quelques clics Avec Prestigo, r\u00e9servez un chauffeur priv\u00e9 haut de gamme en toute simplicit\u00e9. Choisissez votre formule (Essentielle, Confort ou Premium), indiquez votre point de d\u00e9part, votre destination, l\u2019heure souhait\u00e9e\u2026 et c\u2019est tout. Vous avez \u00e9galement la possibilit\u00e9 de s\u00e9lectionner le chauffeur de votre choix selon vos pr\u00e9f\u00e9rences.<\/p>\n","protected":false},"author":1,"featured_media":0,"parent":0,"menu_order":0,"comment_status":"closed","ping_status":"closed","template":"","meta":{"_seopress_robots_primary_cat":"","_seopress_titles_title":"","_seopress_titles_desc":"","_seopress_robots_index":"","footnotes":""},"class_list":["post-941","page","type-page","status-publish","hentry"],"_links":{"self":[{"href":"https:\/\/shb4581a.mmiweb.iut-tlse3.fr\/index.php?rest_route=\/wp\/v2\/pages\/941","targetHints":{"allow":["GET"]}}],"collection":[{"href":"https:\/\/shb4581a.mmiweb.iut-tlse3.fr\/index.php?rest_route=\/wp\/v2\/pages"}],"about":[{"href":"https:\/\/shb4581a.mmiweb.iut-tlse3.fr\/index.php?rest_route=\/wp\/v2\/types\/page"}],"author":[{"embeddable":true,"href":"https:\/\/shb4581a.mmiweb.iut-tlse3.fr\/index.php?rest_route=\/wp\/v2\/users\/1"}],"replies":[{"embeddable":true,"href":"https:\/\/shb4581a.mmiweb.iut-tlse3.fr\/index.php?rest_route=%2Fwp%2Fv2%2Fcomments&post=941"}],"version-history":[{"count":34,"href":"https:\/\/shb4581a.mmiweb.iut-tlse3.fr\/index.php?rest_route=\/wp\/v2\/pages\/941\/revisions"}],"predecessor-version":[{"id":1126,"href":"https:\/\/shb4581a.mmiweb.iut-tlse3.fr\/index.php?rest_route=\/wp\/v2\/pages\/941\/revisions\/1126"}],"wp:attachment":[{"href":"https:\/\/shb4581a.mmiweb.iut-tlse3.fr\/index.php?rest_route=%2Fwp%2Fv2%2Fmedia&parent=941"}],"curies":[{"name":"wp","href":"https:\/\/api.w.org\/{rel}","templated":true}]}}